{"id":66,"date":"2017-05-27T12:03:54","date_gmt":"2017-05-27T12:03:54","guid":{"rendered":"https:\/\/www.crossthink.fr\/?page_id=66"},"modified":"2018-02-01T15:26:09","modified_gmt":"2018-02-01T15:26:09","slug":"gestion-de-projet-informatique","status":"publish","type":"page","link":"https:\/\/www.crossthink.fr\/en\/gestion-de-projet-informatique\/","title":{"rendered":"Gestion de projet informatique"},"content":{"rendered":"<div>\n<p><span style=\"font-size: 10pt; font-family: helvetica, arial, sans-serif;\">Ce stage d&rsquo;immersion dans un projet vous apprendra les bonnes pratiques pour en conduire chaque phase. En tant qu&rsquo;acteur, vous serez confront\u00e9 \u00e0 diverses situations de projet, dans lesquelles vous serez mis face \u00e0 des choix d\u00e9terminants pour le succ\u00e8s ou l&rsquo;\u00e9chec du projet.<\/span><\/p>\n<p><span style=\"color: #3396ff; font-size: 10pt; font-family: helvetica, arial, sans-serif;\"><strong>Objectifs p\u00e9dagogiques<\/strong><\/span><\/p>\n<ul>\n<li><span style=\"font-size: 10pt; font-family: helvetica, arial, sans-serif;\">Identifier les composantes principales d&rsquo;un projet et les r\u00f4les en jeu<\/span><\/li>\n<li><span style=\"font-size: 10pt; font-family: helvetica, arial, sans-serif;\">R\u00e9aliser un planning projet en groupe, lors d&rsquo;une mise en situation<\/span><\/li>\n<li><span style=\"font-size: 10pt; font-family: helvetica, arial, sans-serif;\">D\u00e9finir une organisation projet en situation<\/span><\/li>\n<li><span style=\"font-size: 10pt; font-family: helvetica, arial, sans-serif;\">Organiser la communication et les gestion des risques tout au long d&rsquo;un projet simul\u00e9<\/span><\/li>\n<li><span style=\"font-size: 10pt; font-family: helvetica, arial, sans-serif;\">V\u00e9rifier ses propres axes de progr\u00e8s au travers d&rsquo;un jeu de r\u00f4le<\/span><\/li>\n<\/ul>\n<p><span style=\"font-size: 10pt; font-family: helvetica, arial, sans-serif;\">Mise en situation : satisfaire le besoin exprim\u00e9 en mode projet. Chaque participant joue un r\u00f4le dans les projets propos\u00e9s.<\/span><\/p>\n<p><span style=\"color: #3396ff; font-size: 10pt; font-family: helvetica, arial, sans-serif;\"><strong>M\u00e9thodes p\u00e9dagogiques<\/strong><\/span><\/p>\n<p><span style=\"font-size: 10pt; font-family: helvetica, arial, sans-serif;\">M\u00e9thode inductive par la r\u00e9alisation d&rsquo;un projet, puis d\u00e9ductive par l&rsquo;analyse des points forts et am\u00e9liorations possibles. Mise en pratique sur un cas de synth\u00e8se en fin de formation.<\/span><\/p>\n<p>&nbsp;<\/p>\n<p><span style=\"font-size: 10pt; font-family: helvetica, arial, sans-serif;\"><strong>PROGRAMME DE FORMATION<\/strong><\/span><\/p>\n<p><span style=\"color: #3396ff; font-size: 10pt; font-family: helvetica, arial, sans-serif;\"><strong>Mise en situation au travers d&rsquo;un jeu de r\u00f4le de simulation d&rsquo;un projet<\/strong><\/span><\/p>\n<ul>\n<li><span style=\"font-size: 10pt; font-family: helvetica, arial, sans-serif;\">Pr\u00e9sentation du projet.<\/span><\/li>\n<li><span style=\"font-size: 10pt; font-family: helvetica, arial, sans-serif;\">Attribution des r\u00f4les au sein du groupe.<\/span><\/li>\n<li><span style=\"font-size: 10pt; font-family: helvetica, arial, sans-serif;\">D\u00e9roulement du projet, action.<\/span><\/li>\n<li><span style=\"font-size: 10pt; font-family: helvetica, arial, sans-serif;\">Fin du projet.<\/span><\/li>\n<\/ul>\n<p><span style=\"font-size: 10pt; font-family: helvetica, arial, sans-serif;\">Jeu de r\u00f4le<\/span><br \/>\n<span style=\"font-size: 10pt; font-family: helvetica, arial, sans-serif;\"> <em>Fabrication d&rsquo;une structure, \u00e0 partir d&rsquo;un besoin exprim\u00e9 par un client. Le groupe projet est en relation avec un client et un fournisseur.<\/em><\/span><\/p>\n<p><span style=\"color: #3396ff; font-size: 10pt; font-family: helvetica, arial, sans-serif;\"><strong>Composantes d&rsquo;un projet<\/strong><\/span><\/p>\n<ul>\n<li><span style=\"font-size: 10pt; font-family: helvetica, arial, sans-serif;\">La gestion du contenu.<\/span><\/li>\n<li><span style=\"font-size: 10pt; font-family: helvetica, arial, sans-serif;\">La prise en compte des contraintes : d\u00e9lais, charges, co\u00fbts, qualit\u00e9&#8230;<\/span><\/li>\n<li><span style=\"font-size: 10pt; font-family: helvetica, arial, sans-serif;\">La r\u00e9alisation d&rsquo;un macro-planning : \u00e9tapes, livrables, jalons.<\/span><\/li>\n<\/ul>\n<p><span style=\"font-size: 10pt; font-family: helvetica, arial, sans-serif;\">Exercice<\/span><br \/>\n<span style=\"font-size: 10pt; font-family: helvetica, arial, sans-serif;\"> <em>R\u00e9alisation d&rsquo;un planning projet en tenant compte des contraintes.<\/em><\/span><\/p>\n<p><span style=\"color: #3396ff; font-size: 10pt; font-family: helvetica, arial, sans-serif;\"><strong>Organiser et structurer le projet<\/strong><\/span><\/p>\n<ul>\n<li><span style=\"font-size: 10pt; font-family: helvetica, arial, sans-serif;\">Ordonnancement des t\u00e2ches : PERT.<\/span><\/li>\n<li><span style=\"font-size: 10pt; font-family: helvetica, arial, sans-serif;\">Planification d\u00e9taill\u00e9e : Gantt.<\/span><\/li>\n<li><span style=\"font-size: 10pt; font-family: helvetica, arial, sans-serif;\">Associer et responsabiliser les participants : RACI.<\/span><\/li>\n<\/ul>\n<p><span style=\"font-size: 10pt; font-family: helvetica, arial, sans-serif;\">Travaux pratiques<\/span><br \/>\n<span style=\"font-size: 10pt; font-family: helvetica, arial, sans-serif;\"> <em>D\u00e9finir une organisation projet.<\/em><\/span><\/p>\n<p><span style=\"color: #3396ff; font-size: 10pt; font-family: helvetica, arial, sans-serif;\"><strong>Prise en compte des risques<\/strong><\/span><\/p>\n<ul>\n<li><span style=\"font-size: 10pt; font-family: helvetica, arial, sans-serif;\">Identification et classification des risques projet.<\/span><\/li>\n<li><span style=\"font-size: 10pt; font-family: helvetica, arial, sans-serif;\">R\u00e9duction ou \u00e9vitement des risques.<\/span><\/li>\n<li><span style=\"font-size: 10pt; font-family: helvetica, arial, sans-serif;\">Suivi des risques.<\/span><\/li>\n<\/ul>\n<p><span style=\"font-size: 10pt; font-family: helvetica, arial, sans-serif;\">Exercice<\/span><br \/>\n<span style=\"font-size: 10pt; font-family: helvetica, arial, sans-serif;\"> <em>Classification des risques projet.<\/em><\/span><\/p>\n<p><span style=\"color: #3396ff; font-size: 10pt; font-family: helvetica, arial, sans-serif;\"><strong>Pilotage du projet<\/strong><\/span><\/p>\n<ul>\n<li><span style=\"font-size: 10pt; font-family: helvetica, arial, sans-serif;\">Lancement du projet, r\u00e9union de lancement.<\/span><\/li>\n<li><span style=\"font-size: 10pt; font-family: helvetica, arial, sans-serif;\">D\u00e9finition de la communication. Suivi des activit\u00e9s. Prise en compte des al\u00e9as.<\/span><\/li>\n<\/ul>\n<p><span style=\"font-size: 10pt; font-family: helvetica, arial, sans-serif;\">Etude de cas<\/span><br \/>\n<span style=\"font-size: 10pt; font-family: helvetica, arial, sans-serif;\"> <em>Organisation de la communication projet.<\/em><\/span><\/p>\n<p><span style=\"color: #3396ff; font-size: 10pt; font-family: helvetica, arial, sans-serif;\"><strong>Cl\u00f4ture et bilan du projet<\/strong><\/span><\/p>\n<ul>\n<li><span style=\"font-size: 10pt; font-family: helvetica, arial, sans-serif;\">Activit\u00e9s de fin de projet : bilan, REX, d\u00e9sengagement des ressources.<\/span><\/li>\n<li><span style=\"font-size: 10pt; font-family: helvetica, arial, sans-serif;\">Mesure de la satisfaction des utilisateurs.<\/span><\/li>\n<li><span style=\"font-size: 10pt; font-family: helvetica, arial, sans-serif;\">Points forts et points d&rsquo;am\u00e9liorations.<\/span><\/li>\n<li><span style=\"font-size: 10pt; font-family: helvetica, arial, sans-serif;\">Bonnes pratiques pour la gestion de projet.<\/span><\/li>\n<li><span style=\"font-size: 10pt; font-family: helvetica, arial, sans-serif;\">Les erreurs \u00e0 \u00e9viter.<\/span><\/li>\n<\/ul>\n<p><span style=\"font-size: 10pt; font-family: helvetica, arial, sans-serif;\">Mise en situation<\/span><br \/>\n<span style=\"font-size: 10pt; font-family: helvetica, arial, sans-serif;\"> <em>D\u00e9briefing : analyse en groupe des points forts et points d&rsquo;am\u00e9liorations. Synth\u00e8se effectu\u00e9e en groupe. Th\u00e8me d&rsquo;un circuit touristique.<\/em><\/span><\/p>\n<p><span style=\"color: #3396ff; font-size: 10pt; font-family: helvetica, arial, sans-serif;\"><strong>V\u00e9rification des axes de progr\u00e8s au travers d&rsquo;un jeu de r\u00f4le<\/strong><\/span><\/p>\n<ul>\n<li><span style=\"font-size: 10pt; font-family: helvetica, arial, sans-serif;\">Pr\u00e9sentation du projet et attribution des r\u00f4les.<\/span><\/li>\n<li><span style=\"font-size: 10pt; font-family: helvetica, arial, sans-serif;\">Mise en route du projet, accompagn\u00e9e par le formateur.<\/span><\/li>\n<li><span style=\"font-size: 10pt; font-family: helvetica, arial, sans-serif;\">Cl\u00f4ture du projet. Conclusion et d\u00e9briefing en groupe.<\/span><\/li>\n<\/ul>\n<p><span style=\"font-size: 10pt; font-family: helvetica, arial, sans-serif;\">Jeu de r\u00f4le<\/span><br \/>\n<span style=\"font-size: 10pt; font-family: helvetica, arial, sans-serif;\"> <em>Le groupe projet est en relation avec un client et un prestataire.<\/em><\/span><\/p>\n<p>&nbsp;<\/p>\n<\/div>\n<div><span style=\"font-size: 10pt; font-family: helvetica, arial, sans-serif;\">\u00a0<\/span><\/div>","protected":false},"excerpt":{"rendered":"<p>Ce stage d&rsquo;immersion dans un projet vous apprendra les bonnes pratiques pour en conduire chaque phase. En tant qu&rsquo;acteur, vous serez confront\u00e9 \u00e0 diverses situations de projet, dans lesquelles vous serez mis face \u00e0 des choix d\u00e9terminants pour le succ\u00e8s ou l&rsquo;\u00e9chec du projet. Objectifs p\u00e9dagogiques Identifier les composantes principales d&rsquo;un projet et les r\u00f4les [&hellip;]<\/p>\n","protected":false},"author":3,"featured_media":0,"parent":0,"menu_order":0,"comment_status":"closed","ping_status":"closed","template":"","meta":{"_acf_changed":false,"_seopress_robots_primary_cat":"","_seopress_titles_title":"","_seopress_titles_desc":"","_seopress_robots_index":"","_et_pb_use_builder":"","_et_pb_old_content":"","_et_gb_content_width":"","pmpro_default_level":"","footnotes":""},"acf":[],"_links":{"self":[{"href":"https:\/\/www.crossthink.fr\/en\/wp-json\/wp\/v2\/pages\/66"}],"collection":[{"href":"https:\/\/www.crossthink.fr\/en\/wp-json\/wp\/v2\/pages"}],"about":[{"href":"https:\/\/www.crossthink.fr\/en\/wp-json\/wp\/v2\/types\/page"}],"author":[{"embeddable":true,"href":"https:\/\/www.crossthink.fr\/en\/wp-json\/wp\/v2\/users\/3"}],"replies":[{"embeddable":true,"href":"https:\/\/www.crossthink.fr\/en\/wp-json\/wp\/v2\/comments?post=66"}],"version-history":[{"count":0,"href":"https:\/\/www.crossthink.fr\/en\/wp-json\/wp\/v2\/pages\/66\/revisions"}],"wp:attachment":[{"href":"https:\/\/www.crossthink.fr\/en\/wp-json\/wp\/v2\/media?parent=66"}],"curies":[{"name":"wp","href":"https:\/\/api.w.org\/{rel}","templated":true}]}}