{"id":622,"date":"2020-02-07T21:56:45","date_gmt":"2020-02-07T20:56:45","guid":{"rendered":"https:\/\/www.crossthink.fr\/?page_id=622"},"modified":"2021-02-02T10:52:08","modified_gmt":"2021-02-02T09:52:08","slug":"comment-financer-votre-formation-grace-au-cpf","status":"publish","type":"page","link":"https:\/\/www.crossthink.fr\/en\/comment-financer-votre-formation-grace-au-cpf\/","title":{"rendered":"Comment financer votre formation gr\u00e2ce au CPF  ?"},"content":{"rendered":"[et_pb_section fb_built=\u00a0\u00bb1&Prime; _builder_version=\u00a0\u00bb3.22&Prime;][et_pb_row _builder_version=\u00a0\u00bb3.25&Prime; background_size=\u00a0\u00bbinitial\u00a0\u00bb background_position=\u00a0\u00bbtop_left\u00a0\u00bb background_repeat=\u00a0\u00bbrepeat\u00a0\u00bb][et_pb_column type=\u00a0\u00bb4_4&Prime; _builder_version=\u00a0\u00bb3.25&Prime; custom_padding=\u00a0\u00bb|||\u00a0\u00bb custom_padding__hover=\u00a0\u00bb|||\u00a0\u00bb][et_pb_text _builder_version=\u00a0\u00bb3.27.4&Prime; background_size=\u00a0\u00bbinitial\u00a0\u00bb background_position=\u00a0\u00bbtop_left\u00a0\u00bb background_repeat=\u00a0\u00bbrepeat\u00a0\u00bb]<figure class=\"wp-block-image\"><a href=\"http:\/\/www.moncompteformation.gouv.fr\/\"><img decoding=\"async\" src=\"https:\/\/www.softeaminstitute.fr\/wp-content\/uploads\/2017\/09\/financer-sa-formation-avec-le-cpf.jpeg\" alt=\"\" \/><\/a><\/figure><p>&nbsp;<\/p><h3 class=\"wp-block-heading\"><strong>Qu\u2019est-ce que le Compte Personnel de Formation (CPF) ?<\/strong><\/h3><p>&nbsp;<\/p><p>Le\u00a0<strong>Compte Personnel de Formation<\/strong>\u00a0est entr\u00e9 en vigueur le 1<sup>er<\/sup> janvier 2015, en remplacement du DIF. Que vous soyez salari\u00e9 ou demandeur d\u2019emploi, il vous permet d\u2019acqu\u00e9rir des heures de formation, dont vous pouvez profiter tout au long de votre vie professionnelle. Votre CPF est donc une \u00ab banque \u00bb dans laquelle sont enregistr\u00e9s et cumul\u00e9s vos droits \u00e0 la formation (sous forme d\u2019heures).<\/p><p>&nbsp;<\/p><h3 class=\"wp-block-heading\"><strong>Qui b\u00e9n\u00e9ficie du CPF\u00a0?<\/strong><\/h3><p>&nbsp;<\/p><p>Tous les\u00a0<strong>salari\u00e9s<\/strong>,\u00a0<strong>apprentis<\/strong>,\u00a0<strong>demandeurs d\u2019emploi<\/strong>,\u00a0<strong>contrats de professionnalisation<\/strong>, d\u00e8s l\u2019\u00e2ge de 16 ans (par d\u00e9rogation, 15 ans pour les contrats d\u2019apprentissage) Vous pouvez changer de statut ou d\u2019employeur\u00a0: vos droits CPF restent acquis car ils vous sont attach\u00e9s personnellement, tout au long de votre vie, jusqu\u2019\u00e0 la retraite. Cas particuliers\u00a0: fonctionnaires et travailleurs ind\u00e9pendants (voir\u00a0<a href=\"http:\/\/www.moncompteformation.gouv.fr\/\">www.moncompteformation.gouv.fr<\/a>).<\/p><p>&nbsp;<\/p><h3 class=\"wp-block-heading\"><strong>Comment acqu\u00e9rir les heures CPF\u00a0?<\/strong><\/h3><p>&nbsp;<\/p><p>Tout d\u2019abord, toutes vos heures DIF acquises jusqu\u2019au 31 d\u00e9cembre 2014 restent \u00e0 votre cr\u00e9dit et utilisables jusqu\u2019au 31 d\u00e9cembre 2020. Le Compte Personnel de Formation est aliment\u00e9 sur la base des p\u00e9riodes d\u2019activit\u00e9 salari\u00e9e \u00e0 raison de\u00a0:<\/p><p>&nbsp;<\/p><ul>\r\n<li>24 heures par an, jusqu\u2019au seuil de 120 heures,<\/li>\r\n<li>12 heures par an jusqu\u2019\u00e0 la limite de 150 heures, pour les salari\u00e9s de droit priv\u00e9 \u00e0 temps plein.<\/li>\r\n<\/ul><p>&nbsp;<\/p><p>Ces heures sont inscrites automatiquement en d\u00e9but d\u2019ann\u00e9e et sont calcul\u00e9es au prorata de l\u2019activit\u00e9 de l\u2019ann\u00e9e en cas de travail \u00e0 temps partiel. Par exemple, les premi\u00e8res heures ont \u00e9t\u00e9 inscrites en mars 2016, sur la base de l\u2019activit\u00e9 de 2015.<\/p><p>&nbsp;<\/p><h3 class=\"wp-block-heading\"><strong>Comment utiliser ses heures CPF\u00a0?<\/strong><\/h3><p>&nbsp;<\/p><p>Le titulaire du compte CPF est \u00ab\u00a0propri\u00e9taire\u00a0\u00bb de ses heures et prend l\u2019initiative de les utiliser. Celles-ci peuvent \u00eatre utilis\u00e9es pendant les heures de travail (se rapprocher de son service RH ou des IRP) ou en dehors. Se rendre sur\u00a0<a href=\"http:\/\/www.moncompteformation.gouv.fr\/\">www.moncompteformation.gouv.fr<\/a><\/p><p>&nbsp;<\/p><h3 class=\"wp-block-heading\"><strong>Pour quoi utiliser ses heures CPF\u00a0?<\/strong><\/h3><p>&nbsp;<\/p><p>Se professionnaliser, \u00e9voluer, se reconvertir, valider ses acquis, s\u00e9curiser son parcours professionnel, acqu\u00e9rir des comp\u00e9tences, une qualification, un dipl\u00f4me, un certificat. Ces heures financent des\u00a0<strong>formations qualifiantes<\/strong>\u00a0qui donnent lieu \u00e0 une\u00a0<strong>certification professionnelle<\/strong>\u00a0ou \u00e0 une\u00a0<strong>qualification reconnue<\/strong>. La liste des\u00a0<strong>formations \u00e9ligibles au CPF<\/strong>\u00a0sur\u00a0<a href=\"http:\/\/www.moncompteformation.gouv.fr\/\">www.moncompteformation.gouv.fr<\/a> Attention, le code CPF de votre formation peut \u00eatre national, r\u00e9gional ou associ\u00e9 \u00e0 votre branche professionnelle.<\/p><p>&nbsp;<\/p><h3 class=\"wp-block-heading\">Nos formations \u00e9ligibles au CPF :<\/h3><p>&nbsp;<\/p><ul>\r\n<li>Devenir Scrum Master<\/li>\r\n<li>Certification PMP-PMI<\/li>\r\n<li>D\u00e9couvrir les m\u00e9thodes agiles<\/li>\r\n<li>Devenir Scrum Master<\/li>\r\n<li>Prince 2 Certification Foundation<\/li>\r\n<li>Prince 2 Certification Practitioner<\/li>\r\n<li>Prince 2 Certifications Foundation &amp; Practitioner<\/li>\r\n<li>et bien d\u2019autres\u2026<\/li>\r\n<\/ul><p>&nbsp;<\/p><h4 class=\"wp-block-heading\"><strong>En savoir plus sur le CPF\u00a0:<\/strong><\/h4><p>&nbsp;<\/p><p>Cr\u00e9er ou consulter son compte CPF\u00a0? D\u00e9couvrir les informations d\u00e9taill\u00e9es sur le CPF\u00a0? Identifier les formations \u00e9ligibles et concr\u00e9tiser son projet de formation ? Rendez-vous sur\u00a0<a href=\"http:\/\/www.moncompteformation.gouv.fr\/\">www.moncompteformation.gouv.fr<\/a><\/p>[\/et_pb_text][\/et_pb_column][\/et_pb_row][\/et_pb_section]","protected":false},"excerpt":{"rendered":"<p>&nbsp; Qu\u2019est-ce que le Compte Personnel de Formation (CPF) ? &nbsp; Le\u00a0Compte Personnel de Formation\u00a0est entr\u00e9 en vigueur le 1er janvier 2015, en remplacement du DIF. Que vous soyez salari\u00e9 ou demandeur d\u2019emploi, il vous permet d\u2019acqu\u00e9rir des heures de formation, dont vous pouvez profiter tout au long de votre vie professionnelle. Votre CPF est [&hellip;]<\/p>\n","protected":false},"author":3,"featured_media":0,"parent":0,"menu_order":0,"comment_status":"closed","ping_status":"closed","template":"","meta":{"_acf_changed":false,"_seopress_robots_primary_cat":"","_seopress_titles_title":"","_seopress_titles_desc":"","_seopress_robots_index":"","_et_pb_use_builder":"on","_et_pb_old_content":"<!-- wp:image {\"linkDestination\":\"custom\"} -->\r\n<figure class=\"wp-block-image\"><a href=\"http:\/\/www.moncompteformation.gouv.fr\/\"><img src=\"https:\/\/www.softeaminstitute.fr\/wp-content\/uploads\/2017\/09\/financer-sa-formation-avec-le-cpf.jpeg\" alt=\"\" \/><\/a><\/figure>\r\n<!-- \/wp:image -->\r\n<p>\u00a0<\/p>\r\n<!-- wp:heading {\"level\":3} -->\r\n<h3><strong>Qu\u2019est-ce que le Compte Personnel de Formation (CPF) ?<\/strong><\/h3>\r\n<!-- \/wp:heading -->\r\n<p>\u00a0<\/p>\r\n<!-- wp:paragraph -->\r\n<p>Le\u00a0<strong>Compte Personnel de Formation<\/strong>\u00a0est entr\u00e9 en vigueur le 1<sup>er<\/sup> janvier 2015, en remplacement du DIF. Que vous soyez salari\u00e9 ou demandeur d\u2019emploi, il vous permet d\u2019acqu\u00e9rir des heures de formation, dont vous pouvez profiter tout au long de votre vie professionnelle. Votre CPF est donc une \u00ab banque \u00bb dans laquelle sont enregistr\u00e9s et cumul\u00e9s vos droits \u00e0 la formation (sous forme d\u2019heures).<\/p>\r\n<!-- \/wp:paragraph -->\r\n<p>\u00a0<\/p>\r\n<!-- wp:heading {\"level\":3} -->\r\n<h3><strong>Qui b\u00e9n\u00e9ficie du CPF\u00a0?<\/strong><\/h3>\r\n<!-- \/wp:heading -->\r\n<p>\u00a0<\/p>\r\n<!-- wp:paragraph -->\r\n<p>Tous les\u00a0<strong>salari\u00e9s<\/strong>,\u00a0<strong>apprentis<\/strong>,\u00a0<strong>demandeurs d\u2019emploi<\/strong>,\u00a0<strong>contrats de professionnalisation<\/strong>, d\u00e8s l\u2019\u00e2ge de 16 ans (par d\u00e9rogation, 15 ans pour les contrats d\u2019apprentissage) Vous pouvez changer de statut ou d\u2019employeur\u00a0: vos droits CPF restent acquis car ils vous sont attach\u00e9s personnellement, tout au long de votre vie, jusqu\u2019\u00e0 la retraite. Cas particuliers\u00a0: fonctionnaires et travailleurs ind\u00e9pendants (voir\u00a0<a href=\"http:\/\/www.moncompteformation.gouv.fr\/\">www.moncompteformation.gouv.fr<\/a>).<\/p>\r\n<!-- \/wp:paragraph -->\r\n<p>\u00a0<\/p>\r\n<!-- wp:heading {\"level\":3} -->\r\n<h3><strong>Comment acqu\u00e9rir les heures CPF\u00a0?<\/strong><\/h3>\r\n<!-- \/wp:heading -->\r\n<p>\u00a0<\/p>\r\n<!-- wp:paragraph -->\r\n<p>Tout d\u2019abord, toutes vos heures DIF acquises jusqu\u2019au 31 d\u00e9cembre 2014 restent \u00e0 votre cr\u00e9dit et utilisables jusqu\u2019au 31 d\u00e9cembre 2020. Le Compte Personnel de Formation est aliment\u00e9 sur la base des p\u00e9riodes d\u2019activit\u00e9 salari\u00e9e \u00e0 raison de\u00a0:<\/p>\r\n<!-- \/wp:paragraph -->\r\n<p>\u00a0<\/p>\r\n<!-- wp:list -->\r\n<ul>\r\n<li>24 heures par an, jusqu\u2019au seuil de 120 heures,<\/li>\r\n<li>12 heures par an jusqu\u2019\u00e0 la limite de 150 heures, pour les salari\u00e9s de droit priv\u00e9 \u00e0 temps plein.<\/li>\r\n<\/ul>\r\n<!-- \/wp:list -->\r\n<p>\u00a0<\/p>\r\n<!-- wp:paragraph -->\r\n<p>Ces heures sont inscrites automatiquement en d\u00e9but d\u2019ann\u00e9e et sont calcul\u00e9es au prorata de l\u2019activit\u00e9 de l\u2019ann\u00e9e en cas de travail \u00e0 temps partiel. Par exemple, les premi\u00e8res heures ont \u00e9t\u00e9 inscrites en mars 2016, sur la base de l\u2019activit\u00e9 de 2015.<\/p>\r\n<!-- \/wp:paragraph -->\r\n<p>\u00a0<\/p>\r\n<!-- wp:heading {\"level\":3} -->\r\n<h3><strong>Comment utiliser ses heures CPF\u00a0?<\/strong><\/h3>\r\n<!-- \/wp:heading -->\r\n<p>\u00a0<\/p>\r\n<!-- wp:paragraph -->\r\n<p>Le titulaire du compte CPF est \u00ab\u00a0propri\u00e9taire\u00a0\u00bb de ses heures et prend l\u2019initiative de les utiliser. Celles-ci peuvent \u00eatre utilis\u00e9es pendant les heures de travail (se rapprocher de son service RH ou des IRP) ou en dehors. Se rendre sur\u00a0<a href=\"http:\/\/www.moncompteformation.gouv.fr\/\">www.moncompteformation.gouv.fr<\/a><\/p>\r\n<!-- \/wp:paragraph -->\r\n<p>\u00a0<\/p>\r\n<!-- wp:heading {\"level\":3} -->\r\n<h3><strong>Pour quoi utiliser ses heures CPF\u00a0?<\/strong><\/h3>\r\n<!-- \/wp:heading -->\r\n<p>\u00a0<\/p>\r\n<!-- wp:paragraph -->\r\n<p>Se professionnaliser, \u00e9voluer, se reconvertir, valider ses acquis, s\u00e9curiser son parcours professionnel, acqu\u00e9rir des comp\u00e9tences, une qualification, un dipl\u00f4me, un certificat. Ces heures financent des\u00a0<strong>formations qualifiantes<\/strong>\u00a0qui donnent lieu \u00e0 une\u00a0<strong>certification professionnelle<\/strong>\u00a0ou \u00e0 une\u00a0<strong>qualification reconnue<\/strong>. La liste des\u00a0<strong>formations \u00e9ligibles au CPF<\/strong>\u00a0sur\u00a0<a href=\"http:\/\/www.moncompteformation.gouv.fr\/\">www.moncompteformation.gouv.fr<\/a> Attention, le code CPF de votre formation peut \u00eatre national, r\u00e9gional ou associ\u00e9 \u00e0 votre branche professionnelle.<\/p>\r\n<!-- \/wp:paragraph -->\r\n<p>\u00a0<\/p>\r\n<!-- wp:heading {\"level\":3} -->\r\n<h3>Nos formations \u00e9ligibles au CPF :<\/h3>\r\n<!-- \/wp:heading -->\r\n<p>\u00a0<\/p>\r\n<!-- wp:list -->\r\n<ul>\r\n<li>Devenir Scrum Master<\/li>\r\n<li>Certification PMP-PMI<\/li>\r\n<li>D\u00e9couvrir les m\u00e9thodes agiles<\/li>\r\n<li>Devenir Scrum Master<\/li>\r\n<li>Prince 2 Certification Foundation<\/li>\r\n<li>Prince 2 Certification Practitioner<\/li>\r\n<li>Prince 2 Certifications Foundation & Practitioner<\/li>\r\n<li>et bien d\u2019autres\u2026<\/li>\r\n<\/ul>\r\n<!-- \/wp:list -->\r\n<p>\u00a0<\/p>\r\n<!-- wp:heading {\"level\":4} -->\r\n<h4><strong>En savoir plus sur le CPF\u00a0:<\/strong><\/h4>\r\n<!-- \/wp:heading -->\r\n<p>\u00a0<\/p>\r\n<!-- wp:paragraph -->\r\n<p>Cr\u00e9er ou consulter son compte CPF\u00a0? D\u00e9couvrir les informations d\u00e9taill\u00e9es sur le CPF\u00a0? Identifier les formations \u00e9ligibles et concr\u00e9tiser son projet de formation ? Rendez-vous sur\u00a0<a href=\"http:\/\/www.moncompteformation.gouv.fr\/\">www.moncompteformation.gouv.fr<\/a><\/p>\r\n<!-- \/wp:paragraph -->","_et_gb_content_width":"","pmpro_default_level":"","footnotes":""},"acf":[],"_links":{"self":[{"href":"https:\/\/www.crossthink.fr\/en\/wp-json\/wp\/v2\/pages\/622"}],"collection":[{"href":"https:\/\/www.crossthink.fr\/en\/wp-json\/wp\/v2\/pages"}],"about":[{"href":"https:\/\/www.crossthink.fr\/en\/wp-json\/wp\/v2\/types\/page"}],"author":[{"embeddable":true,"href":"https:\/\/www.crossthink.fr\/en\/wp-json\/wp\/v2\/users\/3"}],"replies":[{"embeddable":true,"href":"https:\/\/www.crossthink.fr\/en\/wp-json\/wp\/v2\/comments?post=622"}],"version-history":[{"count":0,"href":"https:\/\/www.crossthink.fr\/en\/wp-json\/wp\/v2\/pages\/622\/revisions"}],"wp:attachment":[{"href":"https:\/\/www.crossthink.fr\/en\/wp-json\/wp\/v2\/media?parent=622"}],"curies":[{"name":"wp","href":"https:\/\/api.w.org\/{rel}","templated":true}]}}