{"id":26,"date":"2017-05-26T19:44:25","date_gmt":"2017-05-26T19:44:25","guid":{"rendered":"https:\/\/www.crossthink.fr\/?page_id=26"},"modified":"2021-09-21T09:44:44","modified_gmt":"2021-09-21T08:44:44","slug":"plan-acces","status":"publish","type":"page","link":"https:\/\/www.crossthink.fr\/en\/plan-acces\/","title":{"rendered":"Plan d&rsquo;acc\u00e8s"},"content":{"rendered":"[et_pb_section fb_built=\u00a0\u00bb1&Prime; admin_label=\u00a0\u00bbsection\u00a0\u00bb _builder_version=\u00a0\u00bb3.22&Prime; global_colors_info=\u00a0\u00bb{}\u00a0\u00bb][et_pb_row admin_label=\u00a0\u00bbrow\u00a0\u00bb _builder_version=\u00a0\u00bb3.25&Prime; background_size=\u00a0\u00bbinitial\u00a0\u00bb background_position=\u00a0\u00bbtop_left\u00a0\u00bb background_repeat=\u00a0\u00bbrepeat\u00a0\u00bb global_colors_info=\u00a0\u00bb{}\u00a0\u00bb][et_pb_column type=\u00a0\u00bb4_4&Prime; _builder_version=\u00a0\u00bb3.25&Prime; custom_padding=\u00a0\u00bb|||\u00a0\u00bb global_colors_info=\u00a0\u00bb{}\u00a0\u00bb custom_padding__hover=\u00a0\u00bb|||\u00a0\u00bb][et_pb_text _builder_version=\u00a0\u00bb4.5.1&Prime; _module_preset=\u00a0\u00bbdefault\u00a0\u00bb header_font=\u00a0\u00bb|600||on|||||\u00a0\u00bb header_text_align=\u00a0\u00bbcenter\u00a0\u00bb locked=\u00a0\u00bboff\u00a0\u00bb global_colors_info=\u00a0\u00bb{}\u00a0\u00bb]<h1>Plan d&rsquo;acc\u00e8s<\/h1>[\/et_pb_text][et_pb_text admin_label=\u00a0\u00bbText\u00a0\u00bb _builder_version=\u00a0\u00bb3.27.4&Prime; background_size=\u00a0\u00bbinitial\u00a0\u00bb background_position=\u00a0\u00bbtop_left\u00a0\u00bb background_repeat=\u00a0\u00bbrepeat\u00a0\u00bb global_colors_info=\u00a0\u00bb{}\u00a0\u00bb]<h1 class=\"wp-block-heading\">Nous trouver<\/h1><p>Nos bureaux sont id\u00e9alement situ\u00e9s en plein coeur de la technopole de Sophia-Antipolis entre la place Bermond et la place Garbejaire.<\/p><p>L&rsquo;a\u00e9roport de Nice est \u00e0 20mn seulement !<\/p><p><a href=\"https:\/\/www.crossthink.fr\/nous-contacter\">Contactez-nous !<\/a><\/p><p class=\"has-text-align-center\"><strong>CROSSTHINK<br \/>Sophia Business Office &#8211; Le Th\u00e9l\u00e8me<br \/>1503 route des dolines<br \/>06560 Valbonne<\/strong><\/p><p>&nbsp;<\/p><p>&nbsp;<\/p><div class=\"wp-block-image\">\r\n<figure class=\"aligncenter size-large\"><img decoding=\"async\" width=\"860\" height=\"400\" class=\"wp-image-306\" src=\"https:\/\/www.crossthink.fr\/wp-content\/uploads\/2020\/01\/staticmap.png\" alt=\"\" srcset=\"https:\/\/www.crossthink.fr\/wp-content\/uploads\/2020\/01\/staticmap.png 860w, https:\/\/www.crossthink.fr\/wp-content\/uploads\/2020\/01\/staticmap-600x279.png 600w, https:\/\/www.crossthink.fr\/wp-content\/uploads\/2020\/01\/staticmap-300x140.png 300w, https:\/\/www.crossthink.fr\/wp-content\/uploads\/2020\/01\/staticmap-768x357.png 768w\" sizes=\"(max-width: 860px) 100vw, 860px\" \/><\/figure>\r\n<\/div><div class=\"wp-block-image\">\r\n<figure class=\"aligncenter size-large\"><img decoding=\"async\" width=\"860\" height=\"400\" class=\"wp-image-307\" src=\"https:\/\/www.crossthink.fr\/wp-content\/uploads\/2020\/01\/staticmap-1.png\" alt=\"\" srcset=\"https:\/\/www.crossthink.fr\/wp-content\/uploads\/2020\/01\/staticmap-1.png 860w, https:\/\/www.crossthink.fr\/wp-content\/uploads\/2020\/01\/staticmap-1-600x279.png 600w, https:\/\/www.crossthink.fr\/wp-content\/uploads\/2020\/01\/staticmap-1-300x140.png 300w, https:\/\/www.crossthink.fr\/wp-content\/uploads\/2020\/01\/staticmap-1-768x357.png 768w\" sizes=\"(max-width: 860px) 100vw, 860px\" \/><\/figure>\r\n<\/div>[\/et_pb_text][\/et_pb_column][\/et_pb_row][\/et_pb_section]","protected":false},"excerpt":{"rendered":"<p>Plan d&rsquo;acc\u00e8s Nous trouver Nos bureaux sont id\u00e9alement situ\u00e9s en plein coeur de la technopole de Sophia-Antipolis entre la place Bermond et la place Garbejaire. L&rsquo;a\u00e9roport de Nice est \u00e0 20mn seulement ! Contactez-nous ! CROSSTHINKSophia Business Office &#8211; Le Th\u00e9l\u00e8me1503 route des dolines06560 Valbonne &nbsp; &nbsp;<\/p>","protected":false},"author":3,"featured_media":0,"parent":0,"menu_order":0,"comment_status":"closed","ping_status":"closed","template":"","meta":{"_acf_changed":false,"_seopress_robots_primary_cat":"","_seopress_titles_title":"","_seopress_titles_desc":"","_seopress_robots_index":"","_et_pb_use_builder":"on","_et_pb_old_content":"<!-- wp:heading {\"level\":1} -->\r\n<h1>Nous trouver<\/h1>\r\n<!-- \/wp:heading -->\r\n\r\n<!-- wp:paragraph -->\r\n<p>Nos bureaux sont id\u00e9alement situ\u00e9s en plein coeur de la technopole de Sophia-Antipolis entre la place Bermond et la place Garbejaire.<\/p>\r\n<!-- \/wp:paragraph -->\r\n\r\n<!-- wp:paragraph -->\r\n<p>L'a\u00e9roport de Nice est \u00e0 20mn seulement !<\/p>\r\n<!-- \/wp:paragraph -->\r\n\r\n<!-- wp:paragraph -->\r\n<p><a href=\"https:\/\/www.crossthink.fr\/nous-contacter\">Contactez-nous !<\/a><\/p>\r\n<!-- \/wp:paragraph -->\r\n\r\n<!-- wp:paragraph {\"align\":\"center\"} -->\r\n<p class=\"has-text-align-center\"><strong>CROSSTHINK<br \/>Sophia Business Office - Le Th\u00e9l\u00e8me<br \/>1503 route des dolines<br \/>06560 Valbonne<\/strong><\/p>\r\n<!-- \/wp:paragraph -->\r\n\r\n<!-- wp:paragraph -->\r\n<p>\u00a0<\/p>\r\n<!-- \/wp:paragraph -->\r\n\r\n<!-- wp:paragraph -->\r\n<p>\u00a0<\/p>\r\n<!-- \/wp:paragraph -->\r\n\r\n<!-- wp:image {\"align\":\"center\",\"id\":306,\"sizeSlug\":\"large\"} -->\r\n<div class=\"wp-block-image\">\r\n<figure class=\"aligncenter size-large\"><img class=\"wp-image-306\" src=\"https:\/\/www.crossthink.fr\/wp-content\/uploads\/2020\/01\/staticmap.png\" alt=\"\" \/><\/figure>\r\n<\/div>\r\n<!-- \/wp:image -->\r\n\r\n<!-- wp:image {\"align\":\"center\",\"id\":307,\"sizeSlug\":\"large\"} -->\r\n<div class=\"wp-block-image\">\r\n<figure class=\"aligncenter size-large\"><img class=\"wp-image-307\" src=\"https:\/\/www.crossthink.fr\/wp-content\/uploads\/2020\/01\/staticmap-1.png\" alt=\"\" \/><\/figure>\r\n<\/div>\r\n<!-- \/wp:image -->","_et_gb_content_width":"","pmpro_default_level":"","footnotes":""},"acf":[],"_links":{"self":[{"href":"https:\/\/www.crossthink.fr\/en\/wp-json\/wp\/v2\/pages\/26"}],"collection":[{"href":"https:\/\/www.crossthink.fr\/en\/wp-json\/wp\/v2\/pages"}],"about":[{"href":"https:\/\/www.crossthink.fr\/en\/wp-json\/wp\/v2\/types\/page"}],"author":[{"embeddable":true,"href":"https:\/\/www.crossthink.fr\/en\/wp-json\/wp\/v2\/users\/3"}],"replies":[{"embeddable":true,"href":"https:\/\/www.crossthink.fr\/en\/wp-json\/wp\/v2\/comments?post=26"}],"version-history":[{"count":0,"href":"https:\/\/www.crossthink.fr\/en\/wp-json\/wp\/v2\/pages\/26\/revisions"}],"wp:attachment":[{"href":"https:\/\/www.crossthink.fr\/en\/wp-json\/wp\/v2\/media?parent=26"}],"curies":[{"name":"wp","href":"https:\/\/api.w.org\/{rel}","templated":true}]}}