{"id":1296,"date":"2020-08-03T14:28:25","date_gmt":"2020-08-03T13:28:25","guid":{"rendered":"https:\/\/www.crossthink.fr\/?page_id=1296"},"modified":"2026-04-24T11:51:42","modified_gmt":"2026-04-24T09:51:42","slug":"mentions-legales","status":"publish","type":"page","link":"https:\/\/www.crossthink.fr\/en\/mentions-legales\/","title":{"rendered":"Mentions l\u00e9gales"},"content":{"rendered":"<style>.kb-row-layout-id1296_b2b8ee-09 > .kt-row-column-wrap{align-content:start;}:where(.kb-row-layout-id1296_b2b8ee-09 > .kt-row-column-wrap) > .wp-block-kadence-column{justify-content:start;}.kb-row-layout-id1296_b2b8ee-09 > .kt-row-column-wrap{column-gap:var(--global-kb-gap-md, 2rem);row-gap:var(--global-kb-gap-md, 2rem);padding-top:10%;padding-right:10%;padding-bottom:5%;padding-left:10%;grid-template-columns:minmax(0, 1fr);}.kb-row-layout-id1296_b2b8ee-09 > .kt-row-layout-overlay{opacity:0.30;}@media all and (max-width: 1024px){.kb-row-layout-id1296_b2b8ee-09 > .kt-row-column-wrap{grid-template-columns:minmax(0, 1fr);}}@media all and (max-width: 767px){.kb-row-layout-id1296_b2b8ee-09 > .kt-row-column-wrap{padding-right:5%;padding-left:5%;grid-template-columns:minmax(0, 1fr);}}<\/style><div class=\"kb-row-layout-wrap kb-row-layout-id1296_b2b8ee-09 alignnone wp-block-kadence-rowlayout\"><div class=\"kt-row-column-wrap kt-has-1-columns kt-row-layout-equal kt-tab-layout-inherit kt-mobile-layout-row kt-row-valign-top\">\n<style>.kadence-column1296_b1798d-d7 > .kt-inside-inner-col,.kadence-column1296_b1798d-d7 > .kt-inside-inner-col:before{border-top-left-radius:0px;border-top-right-radius:0px;border-bottom-right-radius:0px;border-bottom-left-radius:0px;}.kadence-column1296_b1798d-d7 > .kt-inside-inner-col{column-gap:var(--global-kb-gap-sm, 1rem);}.kadence-column1296_b1798d-d7 > .kt-inside-inner-col{flex-direction:column;}.kadence-column1296_b1798d-d7 > .kt-inside-inner-col > .aligncenter{width:100%;}.kadence-column1296_b1798d-d7 > .kt-inside-inner-col:before{opacity:0.3;}.kadence-column1296_b1798d-d7{position:relative;}@media all and (max-width: 1024px){.kadence-column1296_b1798d-d7 > .kt-inside-inner-col{flex-direction:column;justify-content:center;}}@media all and (max-width: 767px){.kadence-column1296_b1798d-d7 > .kt-inside-inner-col{flex-direction:column;justify-content:center;}}<\/style>\n<div class=\"wp-block-kadence-column kadence-column1296_b1798d-d7\"><div class=\"kt-inside-inner-col\"><style>.wp-block-kadence-advancedheading.kt-adv-heading1296_7e6af0-c7, .wp-block-kadence-advancedheading.kt-adv-heading1296_7e6af0-c7[data-kb-block=\"kb-adv-heading1296_7e6af0-c7\"]{text-align:center;font-style:normal;}.wp-block-kadence-advancedheading.kt-adv-heading1296_7e6af0-c7 mark.kt-highlight, .wp-block-kadence-advancedheading.kt-adv-heading1296_7e6af0-c7[data-kb-block=\"kb-adv-heading1296_7e6af0-c7\"] mark.kt-highlight{font-style:normal;color:#f76a0c;-webkit-box-decoration-break:clone;box-decoration-break:clone;padding-top:0px;padding-right:0px;padding-bottom:0px;padding-left:0px;}.wp-block-kadence-advancedheading.kt-adv-heading1296_7e6af0-c7 img.kb-inline-image, .wp-block-kadence-advancedheading.kt-adv-heading1296_7e6af0-c7[data-kb-block=\"kb-adv-heading1296_7e6af0-c7\"] img.kb-inline-image{width:150px;vertical-align:baseline;}<\/style>\n<h1 class=\"kt-adv-heading1296_7e6af0-c7 wp-block-kadence-advancedheading\" data-kb-block=\"kb-adv-heading1296_7e6af0-c7\"><strong>Mentions l\u00e9gales<\/strong><\/h1>\n\n\n\n<p>La soci\u00e9t\u00e9 CrossThink, soucieuse des droits des individus, notamment au regard des traitements automatis\u00e9s, et dans une volont\u00e9 de transparence avec ses clients, a mis en place une politique reprenant l&rsquo;ensemble de ces traitements, des finalit\u00e9s poursuivies par ces derniers ainsi que des moyens d&rsquo;actions \u00e0 la disposition des individus afin qu&rsquo;ils puissent au mieux exercer leur droit.<br>Pour toute information compl\u00e9mentaire sur la protection des donn\u00e9es personnelles, nous vous invitons \u00e0 consulter le site : https:\/\/www.cnil.fr\/<\/p>\n\n\n\n<h2 class=\"wp-block-heading\">Pr\u00e9sentation<\/h2>\n\n\n\n<p>Crossthink, Soci\u00e9t\u00e9 par actions simplifi\u00e9e au capital de 1 000 euros, immatricul\u00e9e au RCS de Grasse sous le num\u00e9ro 878 456 193, dont le si\u00e8ge social est situ\u00e9 1503 route des dolines 06560 VALBONNE, est propri\u00e9taire du site Crossthink.<\/p>\n\n\n\n<ul class=\"wp-block-list\">\n<li>N\u00b0 TVA intracommunautaire : FR 35878456193<\/li>\n\n\n\n<li>Activit\u00e9 : Conseil pour les affaires et autres conseils de gestion \u2013 NAF 7022Z<\/li>\n\n\n\n<li>Coordonn\u00e9es du D\u00e9l\u00e9gu\u00e9 \u00e0 la Protection des donn\u00e9es :<\/li>\n\n\n\n<li>Responsables publication : Arnaud Cardinal et Laurent Vandewalle.<\/li>\n\n\n\n<li>H\u00e9bergeur :<\/li>\n<\/ul>\n\n\n\n<h2 class=\"wp-block-heading\"><strong>Protection des donn\u00e9es personnelles<\/strong><\/h2>\n\n\n\n<p>Soucieux de prot\u00e9ger la vie priv\u00e9e de ses clients, CrossThink s\u2019engage dans la protection des donn\u00e9es personnelles. La pr\u00e9sente Charte a pour objet de rappeler nos principes et nos actions visant au respect de la r\u00e9glementation applicable en mati\u00e8re de protection des donn\u00e9es \u00e0 caract\u00e8re personnel.<\/p>\n\n\n\n<p><a href=\"https:\/\/www.crossthink.fr\/protection-des-donnees\">Voir l<\/a><a href=\"https:\/\/www.crossthink.fr\/politique-de-protection-des-donnees-personnelles\/\">a Charte CrossThink sur la Protection des donn\u00e9es personnelles<\/a><\/p>\n\n\n\n<h2 class=\"wp-block-heading\"><strong>Informations sur les Cookies<\/strong><\/h2>\n\n\n\n<h3 class=\"wp-block-heading\">G\u00e9n\u00e9ralit\u00e9s sur les cookies<\/h3>\n\n\n\n<p>Un cookie est un petit fichier texte, souvent crypt\u00e9, stock\u00e9 dans le navigateur internet. Lors de la visite d\u2019un site Web, ce dernier envoie des informations au navigateur qui cr\u00e9e alors un fichier texte sur le terminal de r\u00e9ception (PC, t\u00e9l\u00e9phone, tablette, ou tout autre appareil), et qui contient des informations de visite sur ledit site. Les cookies sont n\u00e9cessaires pour faciliter la navigation et la rendre plus conviviale, et ils n&rsquo;endommagent pas l\u2019ordinateur.&nbsp;&nbsp;&nbsp;&nbsp;<\/p>\n\n\n\n<h3 class=\"wp-block-heading\">Cookies utilis\u00e9s par le site web CrossThink<\/h3>\n\n\n\n<p>Les cookies utilis\u00e9s par <a href=\"http:\/\/www.crossthink.fr\">www.crossthink.fr<\/a> permettent de personnaliser le contenu du site afin d\u2019optimiser l\u2019exp\u00e9rience du visiteur ou du client. Ils permettent \u00e9galement d\u2019offrir des fonctionnalit\u00e9s relatives aux m\u00e9dias sociaux et d&rsquo;analyser le trafic. Des informations sur l&rsquo;utilisation du site CrossThink sont partag\u00e9es avec des partenaires de m\u00e9dias sociaux, de publicit\u00e9 et d&rsquo;analyse, qui peuvent combiner celles-ci avec d&rsquo;autres informations qui leur ont \u00e9t\u00e9 fournies ou qu&rsquo;ils ont collect\u00e9es lors de l\u2019utilisation de leurs services.<\/p>\n\n\n\n<p>Plusieurs types de cookies peuvent \u00eatre install\u00e9s&nbsp;:<\/p>\n\n\n\n<ul class=\"wp-block-list\">\n<li>Les cookies techniques de navigation<br>Les cookies techniques sont ceux utilis\u00e9s tout au long de la navigation qui sont soit strictement n\u00e9cessaires \u00e0 la fourniture du site, soit permettant de faciliter et d\u2019ex\u00e9cuter certaines fonctions sur le site. Un cookie technique permet par exemple d\u2019enregistrer le type et la version de votre navigateur, les dates et heures de visite, les identifiants de connexion, l\u2019historique et le contenu des commandes y compris en cas d\u2019achat non finalis\u00e9. Ainsi, lors de ses prochaines connexions, il n\u2019est plus n\u00e9cessaire de saisir certaines informations une nouvelle fois.<\/li>\n<\/ul>\n\n\n\n<ul class=\"wp-block-list\">\n<li>Les cookies de mesure d\u2019audience<br>Les cookies de mesure d\u2019audience permettent d\u2019\u00e9tablir des statistiques de fr\u00e9quentation, \u00e9valuer l\u2019ergonomie du site mais \u00e9galement de d\u00e9tecter des probl\u00e8mes de navigation dans le site ou encore d\u2019organiser certains contenus.<\/li>\n<\/ul>\n\n\n\n<p>Pour b\u00e9n\u00e9ficier de l\u2019ensemble des fonctionnalit\u00e9s du site, il est pr\u00e9f\u00e9rable que l\u2019utilisateur accepte tous les cookies. Toutefois, l&rsquo;utilisateur peut s&rsquo;opposer \u00e0 l&rsquo;enregistrement de ces cookies en param\u00e9trant directement son navigateur Interne.<\/p>\n\n\n\n<h2 class=\"wp-block-heading\"><strong>Propri\u00e9t\u00e9 intellectuelle et industrielle<\/strong><\/h2>\n\n\n\n<p>Ce site internet est la propri\u00e9t\u00e9 de CrossThink.<\/p>\n\n\n\n<p>Toutes les marques, photographies, textes, commentaires, illustrations, images anim\u00e9es ou non, s\u00e9quences vid\u00e9o, sons, ainsi que toutes les applications informatiques qui pourraient \u00eatre utilis\u00e9es pour faire fonctionner ce site et plus g\u00e9n\u00e9ralement tous les \u00e9l\u00e9ments reproduits ou utilis\u00e9s sur le site sont prot\u00e9g\u00e9s par les lois en vigueur au titre de la propri\u00e9t\u00e9 intellectuelle.<br>Ils sont la propri\u00e9t\u00e9 pleine et enti\u00e8re de l&rsquo;\u00e9diteur ou de ses partenaires. Toute reproduction, repr\u00e9sentation, utilisation ou adaptation, sous quelque forme que ce soit, de tout ou partie de ces \u00e9l\u00e9ments, y compris les applications informatiques, sans l&rsquo;accord pr\u00e9alable et \u00e9crit de l&rsquo;\u00e9diteur sont strictement interdites. Le fait pour l&rsquo;\u00e9diteur de ne pas engager de proc\u00e9dure d\u00e8s la prise de connaissances de ces utilisations non autoris\u00e9es ne vaut pas acceptation desdites utilisations et renonciation aux poursuites.<\/p>\n\n\n\n<h2 class=\"wp-block-heading\"><strong>Utilisation du site<\/strong><\/h2>\n\n\n\n<p>CrossThink s\u2019engage \u00e0 mettre en \u0153uvre tous les moyens \u00e0 sa disposition pour assurer la fiabilit\u00e9 de l\u2019utilisation du pr\u00e9sent site internet et de ses contenus.<\/p>\n\n\n\n<p>N\u00e9anmoins, CrossThink ne donne aucune garantie et ne saurait en aucun cas \u00eatre responsable de l\u2019utilisation faite du pr\u00e9sent site internet. Notamment, CrossThink ne saurait \u00eatre tenu responsable en cas d\u2019erreurs, d\u2019interruptions, de dysfonctionnements, de perte de donn\u00e9es, de saturation du r\u00e9seau internet, de d\u00e9faillance de tout mat\u00e9riel de r\u00e9ception ou des lignes de communication, ou de tout autre \u00e9v\u00e8nement impactant ou r\u00e9sultant de l\u2019utilisation du pr\u00e9sent site internet. De m\u00eame, CrossThink ne saurait voir sa responsabilit\u00e9 engag\u00e9e en raison de la nature ou du contenu des pages constituant le pr\u00e9sent site internet ou des sites tiers r\u00e9f\u00e9renc\u00e9s sur les pages du pr\u00e9sent site internet notamment ceux pour lesquels il existe un lien hypertexte.<\/p>\n<\/div><\/div>\n\n<\/div><\/div>\n\n\n<p><\/p>\n","protected":false},"excerpt":{"rendered":"<p>Mentions l\u00e9gales La soci\u00e9t\u00e9 CrossThink, soucieuse des droits des individus, notamment au regard des traitements automatis\u00e9s, et dans une volont\u00e9 de transparence avec ses clients, a mis en place une politique reprenant l&rsquo;ensemble de ces traitements, des finalit\u00e9s poursuivies par ces derniers ainsi que des moyens d&rsquo;actions \u00e0 la disposition des individus afin qu&rsquo;ils puissent&#8230;<\/p>","protected":false},"author":3,"featured_media":0,"parent":0,"menu_order":0,"comment_status":"closed","ping_status":"closed","template":"","meta":{"_acf_changed":false,"_seopress_robots_primary_cat":"","_seopress_titles_title":"","_seopress_titles_desc":"","_seopress_robots_index":"","pmpro_default_level":"","_kadence_starter_templates_imported_post":false,"_kad_post_transparent":"","_kad_post_title":"","_kad_post_layout":"","_kad_post_sidebar_id":"","_kad_post_content_style":"","_kad_post_vertical_padding":"","_kad_post_feature":"","_kad_post_feature_position":"","_kad_post_header":false,"_kad_post_footer":false,"_kad_post_classname":"","footnotes":""},"class_list":["post-1296","page","type-page","status-publish","hentry","pmpro-has-access"],"acf":[],"_links":{"self":[{"href":"https:\/\/www.crossthink.fr\/en\/wp-json\/wp\/v2\/pages\/1296","targetHints":{"allow":["GET"]}}],"collection":[{"href":"https:\/\/www.crossthink.fr\/en\/wp-json\/wp\/v2\/pages"}],"about":[{"href":"https:\/\/www.crossthink.fr\/en\/wp-json\/wp\/v2\/types\/page"}],"author":[{"embeddable":true,"href":"https:\/\/www.crossthink.fr\/en\/wp-json\/wp\/v2\/users\/3"}],"replies":[{"embeddable":true,"href":"https:\/\/www.crossthink.fr\/en\/wp-json\/wp\/v2\/comments?post=1296"}],"version-history":[{"count":3,"href":"https:\/\/www.crossthink.fr\/en\/wp-json\/wp\/v2\/pages\/1296\/revisions"}],"predecessor-version":[{"id":9321,"href":"https:\/\/www.crossthink.fr\/en\/wp-json\/wp\/v2\/pages\/1296\/revisions\/9321"}],"wp:attachment":[{"href":"https:\/\/www.crossthink.fr\/en\/wp-json\/wp\/v2\/media?parent=1296"}],"curies":[{"name":"wp","href":"https:\/\/api.w.org\/{rel}","templated":true}]}}